{"id":75,"date":"2019-05-10T17:19:33","date_gmt":"2019-05-10T17:19:33","guid":{"rendered":"http:\/\/ajuda.grupopzm.com.br\/?page_id=75"},"modified":"2024-10-31T13:43:08","modified_gmt":"2024-10-31T13:43:08","slug":"categorias","status":"publish","type":"page","link":"https:\/\/ajuda.grupopzm.com.br\/","title":{"rendered":"Homepage"},"content":{"rendered":"\n<div class=\"bt-section-header\">\n<h2>CONT\u00c1BIL<\/h2>\n<\/div>\n\n\n\n<div class=\"wp-block-columns has-2-columns is-layout-flex wp-container-core-columns-is-layout-1 wp-block-columns-is-layout-flex\">\n<div class=\"wp-block-column is-layout-flow wp-block-column-is-layout-flow\">\n<div class=\"wp-block-image\"><figure class=\"aligncenter is-resized\"><a href=\"\/index.php\/sumario\/?modulo=3\"><img loading=\"lazy\" decoding=\"async\" src=\"\/wp-content\/uploads\/2019\/05\/conciliao_yellow-300x300.png\" alt=\"Concilia\u00e7\u00e3o Cont\u00e1bil\" class=\"wp-image-86\" width=\"150\" height=\"150\" srcset=\"https:\/\/ajuda.grupopzm.com.br\/wp-content\/uploads\/2019\/05\/conciliao_yellow-300x300.png 300w, https:\/\/ajuda.grupopzm.com.br\/wp-content\/uploads\/2019\/05\/conciliao_yellow-150x150.png 150w, https:\/\/ajuda.grupopzm.com.br\/wp-content\/uploads\/2019\/05\/conciliao_yellow-768x768.png 768w, https:\/\/ajuda.grupopzm.com.br\/wp-content\/uploads\/2019\/05\/conciliao_yellow-1024x1024.png 1024w, https:\/\/ajuda.grupopzm.com.br\/wp-content\/uploads\/2019\/05\/conciliao_yellow.png 1600w\" sizes=\"(max-width: 150px) 100vw, 150px\" \/><figcaption>CONCILIA\u00c7\u00c3O CONT\u00c1BIL<\/figcaption><\/a><\/figure><\/div>\n<\/div>\n\n\n\n<div class=\"wp-block-column is-layout-flow wp-block-column-is-layout-flow\">\n<div class=\"wp-block-image\"><figure class=\"aligncenter is-resized\"><a href=\"\/index.php\/sumario\/?modulo=4\"><img loading=\"lazy\" decoding=\"async\" src=\"https:\/\/ajuda.grupopzm.com.br\/wp-content\/uploads\/2019\/05\/fechamento_yellow-1024x1024.png\" alt=\"Cronograma Cont\u00e1bil (Fechamento)\" class=\"wp-image-94\" width=\"150\" height=\"150\" srcset=\"https:\/\/ajuda.grupopzm.com.br\/wp-content\/uploads\/2019\/05\/fechamento_yellow-1024x1024.png 1024w, https:\/\/ajuda.grupopzm.com.br\/wp-content\/uploads\/2019\/05\/fechamento_yellow-150x150.png 150w, https:\/\/ajuda.grupopzm.com.br\/wp-content\/uploads\/2019\/05\/fechamento_yellow-300x300.png 300w, https:\/\/ajuda.grupopzm.com.br\/wp-content\/uploads\/2019\/05\/fechamento_yellow-768x768.png 768w, https:\/\/ajuda.grupopzm.com.br\/wp-content\/uploads\/2019\/05\/fechamento_yellow.png 1050w\" sizes=\"(max-width: 150px) 100vw, 150px\" \/><figcaption>CRONOGRAMA CONT\u00c1BIL (FECHAMENTO)<\/figcaption><\/a><\/figure><\/div>\n\n\n\n<p><\/p>\n<\/div>\n<\/div>\n\n\n\n<div class=\"bt-section-header\">\n<h2>FISCAL<\/h2>\n<\/div>\n\n\n\n<div class=\"wp-block-columns has-2-columns is-layout-flex wp-container-core-columns-is-layout-2 wp-block-columns-is-layout-flex\">\n<div class=\"wp-block-column is-layout-flow wp-block-column-is-layout-flow\">\n<div class=\"wp-block-image\"><figure class=\"aligncenter is-resized\"><a href=\"\/index.php\/sumario\/?modulo=7\"><img loading=\"lazy\" decoding=\"async\" src=\"https:\/\/ajuda.grupopzm.com.br\/wp-content\/uploads\/2019\/05\/tax_yellow.png\" alt=\"Controle de Impostos\" class=\"wp-image-95\" width=\"150\" height=\"150\" srcset=\"https:\/\/ajuda.grupopzm.com.br\/wp-content\/uploads\/2019\/05\/tax_yellow.png 550w, https:\/\/ajuda.grupopzm.com.br\/wp-content\/uploads\/2019\/05\/tax_yellow-150x150.png 150w, https:\/\/ajuda.grupopzm.com.br\/wp-content\/uploads\/2019\/05\/tax_yellow-300x300.png 300w\" sizes=\"(max-width: 150px) 100vw, 150px\" \/><figcaption>CONTROLE DE IMPOSTOS<\/figcaption><\/a><\/figure><\/div>\n\n\n\n<div class=\"wp-block-image\"><figure class=\"aligncenter is-resized\"><a href=\"\/index.php\/sumario\/?modulo=1\"><img loading=\"lazy\" decoding=\"async\" src=\"https:\/\/ajuda.grupopzm.com.br\/wp-content\/uploads\/2019\/05\/intimcoes_yellow.png\" alt=\"Intima\u00e7\u00f5es\" class=\"wp-image-96\" width=\"150\" height=\"150\" srcset=\"https:\/\/ajuda.grupopzm.com.br\/wp-content\/uploads\/2019\/05\/intimcoes_yellow.png 550w, https:\/\/ajuda.grupopzm.com.br\/wp-content\/uploads\/2019\/05\/intimcoes_yellow-150x150.png 150w, https:\/\/ajuda.grupopzm.com.br\/wp-content\/uploads\/2019\/05\/intimcoes_yellow-300x300.png 300w\" sizes=\"(max-width: 150px) 100vw, 150px\" \/><figcaption>INTIMA\u00c7\u00d5ES<\/figcaption><\/a><\/figure><\/div>\n\n\n\n<p><\/p>\n<\/div>\n\n\n\n<div class=\"wp-block-column is-layout-flow wp-block-column-is-layout-flow\">\n<div class=\"wp-block-image\"><figure class=\"aligncenter is-resized\"><a href=\"\/index.php\/sumario\/?modulo=6\"><img loading=\"lazy\" decoding=\"async\" src=\"\/wp-content\/uploads\/2019\/05\/certidoes_yellow.png\" alt=\"Certid\u00f5es Negativas\" class=\"wp-image-93\" width=\"150\" height=\"150\" srcset=\"https:\/\/ajuda.grupopzm.com.br\/wp-content\/uploads\/2019\/05\/certidoes_yellow.png 512w, https:\/\/ajuda.grupopzm.com.br\/wp-content\/uploads\/2019\/05\/certidoes_yellow-150x150.png 150w, https:\/\/ajuda.grupopzm.com.br\/wp-content\/uploads\/2019\/05\/certidoes_yellow-300x300.png 300w\" sizes=\"(max-width: 150px) 100vw, 150px\" \/><figcaption>CERTID\u00d5ES NEGATIVAS<\/figcaption><\/a><\/figure><\/div>\n\n\n\n<div class=\"wp-block-image\"><figure class=\"aligncenter is-resized\"><a href=\"\/index.php\/sumario\/?modulo=8\"><img loading=\"lazy\" decoding=\"async\" src=\"https:\/\/ajuda.grupopzm.com.br\/wp-content\/uploads\/2019\/05\/aditoria_yellow.png\" alt=\"Obriga\u00e7\u00f5es Acess\u00f3rias\" class=\"wp-image-92\" width=\"150\" height=\"150\" srcset=\"https:\/\/ajuda.grupopzm.com.br\/wp-content\/uploads\/2019\/05\/aditoria_yellow.png 512w, https:\/\/ajuda.grupopzm.com.br\/wp-content\/uploads\/2019\/05\/aditoria_yellow-150x150.png 150w, https:\/\/ajuda.grupopzm.com.br\/wp-content\/uploads\/2019\/05\/aditoria_yellow-300x300.png 300w\" sizes=\"(max-width: 150px) 100vw, 150px\" \/><figcaption>OBRIGA\u00c7\u00d5ES ACESS\u00d3RIAS<\/figcaption><\/a><\/figure><\/div>\n\n\n\n<p><\/p>\n<\/div>\n<\/div>\n\n\n\n<div class=\"bt-section-header\">\n<h2>GERAL<\/h2>\n<\/div>\n\n\n\n<div class=\"wp-block-columns has-2-columns is-layout-flex wp-container-core-columns-is-layout-3 wp-block-columns-is-layout-flex\">\n<div class=\"wp-block-column is-layout-flow wp-block-column-is-layout-flow\">\n<div class=\"wp-block-image\"><figure class=\"aligncenter is-resized\"><a href=\"\/index.php\/sumario\/?modulo=3856\"><img loading=\"lazy\" decoding=\"async\" src=\"https:\/\/ajuda.grupopzm.com.br\/wp-content\/uploads\/2024\/02\/Administra\u00e7\u00e7\u00e3o.png\" alt=\"Administra\u00e7\u00e3o\" class=\"wp-image-96\" width=\"150\" height=\"150\"\/><figcaption>ADMINISTRA\u00c7\u00c3O<\/figcaption><\/a><\/figure><\/div>\n<\/div>\n<\/div>\n<div style='text-align:center' class='yasr-auto-insert-visitor'><\/div>","protected":false},"excerpt":{"rendered":"<p>CONT\u00c1BIL CONCILIA\u00c7\u00c3O CONT\u00c1BIL CRONOGRAMA CONT\u00c1BIL (FECHAMENTO) FISCAL CONTROLE DE IMPOSTOS INTIMA\u00c7\u00d5ES CERTID\u00d5ES NEGATIVAS OBRIGA\u00c7\u00d5ES ACESS\u00d3RIAS GERAL ADMIN..<\/p>\n<div class=\"clear-fix\"><\/div>\n<p><a href=\"https:\/\/ajuda.grupopzm.com.br\/\" title=\"read more...\">Read more<\/a><\/p>\n","protected":false},"author":16,"featured_media":0,"parent":0,"menu_order":0,"comment_status":"closed","ping_status":"closed","template":"full-width-template.php","meta":{"yasr_overall_rating":0,"yasr_post_is_review":"","yasr_auto_insert_disabled":"","yasr_review_type":"","footnotes":""},"class_list":["post-75","page","type-page","status-publish","hentry"],"yasr_visitor_votes":{"stars_attributes":{"read_only":false,"span_bottom":false},"number_of_votes":1,"sum_votes":5},"_links":{"self":[{"href":"https:\/\/ajuda.grupopzm.com.br\/index.php\/wp-json\/wp\/v2\/pages\/75"}],"collection":[{"href":"https:\/\/ajuda.grupopzm.com.br\/index.php\/wp-json\/wp\/v2\/pages"}],"about":[{"href":"https:\/\/ajuda.grupopzm.com.br\/index.php\/wp-json\/wp\/v2\/types\/page"}],"author":[{"embeddable":true,"href":"https:\/\/ajuda.grupopzm.com.br\/index.php\/wp-json\/wp\/v2\/users\/16"}],"replies":[{"embeddable":true,"href":"https:\/\/ajuda.grupopzm.com.br\/index.php\/wp-json\/wp\/v2\/comments?post=75"}],"version-history":[{"count":34,"href":"https:\/\/ajuda.grupopzm.com.br\/index.php\/wp-json\/wp\/v2\/pages\/75\/revisions"}],"predecessor-version":[{"id":3431,"href":"https:\/\/ajuda.grupopzm.com.br\/index.php\/wp-json\/wp\/v2\/pages\/75\/revisions\/3431"}],"wp:attachment":[{"href":"https:\/\/ajuda.grupopzm.com.br\/index.php\/wp-json\/wp\/v2\/media?parent=75"}],"curies":[{"name":"wp","href":"https:\/\/api.w.org\/{rel}","templated":true}]}}